{"id":97,"date":"2021-12-12T05:34:58","date_gmt":"2021-12-12T04:34:58","guid":{"rendered":"https:\/\/demosites.royal-elementor-addons.com\/construction-v1\/?page_id=97"},"modified":"2024-07-22T12:38:41","modified_gmt":"2024-07-22T12:38:41","slug":"projects","status":"publish","type":"page","link":"https:\/\/djolibaenvironnement.org\/index.php\/projects\/","title":{"rendered":"Annonce Officiel"},"content":{"rendered":"\t\t<div data-elementor-type=\"wp-page\" data-elementor-id=\"97\" class=\"elementor elementor-97\">\n\t\t\t\t\t\t<section class=\"elementor-section elementor-top-section elementor-element elementor-element-11bf84e9 elementor-section-height-min-height elementor-section-content-middle elementor-section-boxed elementor-section-height-default elementor-section-items-middle wpr-particle-no wpr-jarallax-no wpr-parallax-no wpr-sticky-section-no wpr-equal-height-no\" data-id=\"11bf84e9\" data-element_type=\"section\" data-e-type=\"section\" data-settings=\"{&quot;background_background&quot;:&quot;classic&quot;}\">\n\t\t\t\t\t\t\t<div class=\"elementor-background-overlay\"><\/div>\n\t\t\t\t\t\t\t<div class=\"elementor-container elementor-column-gap-default\">\n\t\t\t\t\t<div class=\"elementor-column elementor-col-100 elementor-top-column elementor-element elementor-element-6b9962d4\" data-id=\"6b9962d4\" data-element_type=\"column\" data-e-type=\"column\">\n\t\t\t<div class=\"elementor-widget-wrap elementor-element-populated\">\n\t\t\t\t<div class=\"elementor-element elementor-element-568be62 e-flex e-con-boxed wpr-particle-no wpr-jarallax-no wpr-parallax-no wpr-sticky-section-no wpr-equal-height-no e-con e-parent\" data-id=\"568be62\" data-element_type=\"container\" data-e-type=\"container\">\n\t\t\t\t\t<div class=\"e-con-inner\">\n\t\t\t\t<div class=\"elementor-element elementor-element-03619e6 elementor-widget elementor-widget-heading\" data-id=\"03619e6\" data-element_type=\"widget\" data-e-type=\"widget\" data-widget_type=\"heading.default\">\n\t\t\t\t<div class=\"elementor-widget-container\">\n\t\t\t\t\t<h2 class=\"elementor-heading-title elementor-size-default\">Articles<\/h2>\t\t\t\t<\/div>\n\t\t\t\t<\/div>\n\t\t\t\t\t<\/div>\n\t\t\t\t<\/div>\n\t\t\t\t\t<\/div>\n\t\t<\/div>\n\t\t\t\t\t<\/div>\n\t\t<\/section>\n\t\t\t\t<section class=\"elementor-section elementor-top-section elementor-element elementor-element-2db3cd383 elementor-section-boxed elementor-section-height-default elementor-section-height-default wpr-particle-no wpr-jarallax-no wpr-parallax-no wpr-sticky-section-no wpr-equal-height-no\" data-id=\"2db3cd383\" data-element_type=\"section\" data-e-type=\"section\">\n\t\t\t\t\t\t<div class=\"elementor-container elementor-column-gap-default\">\n\t\t\t\t\t<div class=\"elementor-column elementor-col-100 elementor-top-column elementor-element elementor-element-6c411605\" data-id=\"6c411605\" data-element_type=\"column\" data-e-type=\"column\">\n\t\t\t<div class=\"elementor-widget-wrap\">\n\t\t\t\t\t\t\t<\/div>\n\t\t<\/div>\n\t\t\t\t\t<\/div>\n\t\t<\/section>\n\t\t<div class=\"elementor-element elementor-element-cbd7270 e-flex e-con-boxed wpr-particle-no wpr-jarallax-no wpr-parallax-no wpr-sticky-section-no wpr-equal-height-no e-con e-parent\" data-id=\"cbd7270\" data-element_type=\"container\" data-e-type=\"container\">\n\t\t\t\t\t<div class=\"e-con-inner\">\n\t\t\t\t<div class=\"elementor-element elementor-element-09b5098 elementor-widget elementor-widget-spacer\" data-id=\"09b5098\" data-element_type=\"widget\" data-e-type=\"widget\" data-widget_type=\"spacer.default\">\n\t\t\t\t<div class=\"elementor-widget-container\">\n\t\t\t\t\t\t\t<div class=\"elementor-spacer\">\n\t\t\t<div class=\"elementor-spacer-inner\"><\/div>\n\t\t<\/div>\n\t\t\t\t\t\t<\/div>\n\t\t\t\t<\/div>\n\t\t\t\t\t<\/div>\n\t\t\t\t<\/div>\n\t\t<div class=\"elementor-element elementor-element-2b4ab62 e-flex e-con-boxed wpr-particle-no wpr-jarallax-no wpr-parallax-no wpr-sticky-section-no wpr-equal-height-no e-con e-parent\" data-id=\"2b4ab62\" data-element_type=\"container\" data-e-type=\"container\">\n\t\t\t\t\t<div class=\"e-con-inner\">\n\t\t\t\t<div class=\"elementor-element elementor-element-c162e27 elementor-widget elementor-widget-heading\" data-id=\"c162e27\" data-element_type=\"widget\" data-e-type=\"widget\" data-widget_type=\"heading.default\">\n\t\t\t\t<div class=\"elementor-widget-container\">\n\t\t\t\t\t<h2 class=\"elementor-heading-title elementor-size-default\">D\u00e9couvrez nos activit\u00e9s sur le terrain \u00e0 travers nos Articles <\/h2>\t\t\t\t<\/div>\n\t\t\t\t<\/div>\n\t\t\t\t\t<\/div>\n\t\t\t\t<\/div>\n\t\t<div class=\"elementor-element elementor-element-979b466 e-flex e-con-boxed wpr-particle-no wpr-jarallax-no wpr-parallax-no wpr-sticky-section-no wpr-equal-height-no e-con e-parent\" data-id=\"979b466\" data-element_type=\"container\" data-e-type=\"container\">\n\t\t\t\t\t<div class=\"e-con-inner\">\n\t\t\t\t<div class=\"elementor-element elementor-element-3cfbea1 wpr-grid-columns-3 wpr-grid-columns--tablet2 wpr-grid-columns--mobile1 wpr-item-styles-inner elementor-widget elementor-widget-wpr-grid\" data-id=\"3cfbea1\" data-element_type=\"widget\" data-e-type=\"widget\" data-widget_type=\"wpr-grid.default\">\n\t\t\t\t<div class=\"elementor-widget-container\">\n\t\t\t\t\t<ul class=\"wpr-grid-filters elementor-clearfix wpr-grid-filters-sep-right\"><li class=\" wpr-pointer-none wpr-pointer-line-fx wpr-pointer-fx-none\"><span  data-filter=\"*\" class=\"wpr-grid-filters-item wpr-active-filter \">All Post<\/span><em class=\"wpr-grid-filters-sep\"><\/em><\/li><li class=\" wpr-pointer-none wpr-pointer-line-fx wpr-pointer-fx-none\"><span   data-ajax-filter=[\"category\",\"agr\"]  data-filter=\".category-agr\">AGR<\/span><em class=\"wpr-grid-filters-sep\"><\/em><\/li><li class=\" wpr-pointer-none wpr-pointer-line-fx wpr-pointer-fx-none\"><span   data-ajax-filter=[\"category\",\"agroecologie\"]  data-filter=\".category-agroecologie\">Agro\u00e9cologie<\/span><em class=\"wpr-grid-filters-sep\"><\/em><\/li><li class=\" wpr-pointer-none wpr-pointer-line-fx wpr-pointer-fx-none\"><span   data-ajax-filter=[\"category\",\"blog\"]  data-filter=\".category-blog\">Blog<\/span><em class=\"wpr-grid-filters-sep\"><\/em><\/li><li class=\" wpr-pointer-none wpr-pointer-line-fx wpr-pointer-fx-none\"><span   data-ajax-filter=[\"category\",\"rna\"]  data-filter=\".category-rna\">RNA<\/span><em class=\"wpr-grid-filters-sep\"><\/em><\/li><\/ul><section class=\"wpr-grid elementor-clearfix\" data-settings=\"{&quot;layout&quot;:&quot;fitRows&quot;,&quot;stick_last_element_to_bottom&quot;:&quot;&quot;,&quot;columns_desktop&quot;:3,&quot;gutter_hr&quot;:15,&quot;gutter_hr_mobile&quot;:15,&quot;gutter_hr_mobile_extra&quot;:15,&quot;gutter_hr_tablet&quot;:15,&quot;gutter_hr_tablet_extra&quot;:15,&quot;gutter_hr_laptop&quot;:15,&quot;gutter_hr_widescreen&quot;:15,&quot;gutter_vr&quot;:15,&quot;gutter_vr_mobile&quot;:15,&quot;gutter_vr_mobile_extra&quot;:15,&quot;gutter_vr_tablet&quot;:15,&quot;gutter_vr_tablet_extra&quot;:15,&quot;gutter_vr_laptop&quot;:15,&quot;gutter_vr_widescreen&quot;:15,&quot;animation&quot;:&quot;default&quot;,&quot;animation_duration&quot;:0.3,&quot;animation_delay&quot;:0.1,&quot;deeplinking&quot;:&quot;&quot;,&quot;filters_linkable&quot;:&quot;no&quot;,&quot;filters_default_filter&quot;:&quot;&quot;,&quot;filters_count&quot;:&quot;&quot;,&quot;filters_hide_empty&quot;:&quot;no&quot;,&quot;filters_animation&quot;:&quot;default&quot;,&quot;filters_animation_duration&quot;:0.3,&quot;filters_animation_delay&quot;:0.1,&quot;pagination_type&quot;:&quot;load-more&quot;,&quot;pagination_max_pages&quot;:2,&quot;lightbox&quot;:{&quot;selector&quot;:&quot;.wpr-grid-image-wrap&quot;,&quot;iframeMaxWidth&quot;:&quot;60%&quot;,&quot;hash&quot;:false,&quot;autoplay&quot;:&quot;true&quot;,&quot;pause&quot;:5000,&quot;progressBar&quot;:&quot;true&quot;,&quot;counter&quot;:&quot;true&quot;,&quot;controls&quot;:&quot;true&quot;,&quot;getCaptionFromTitleOrAlt&quot;:&quot;true&quot;,&quot;thumbnail&quot;:&quot;&quot;,&quot;showThumbByDefault&quot;:&quot;&quot;,&quot;share&quot;:&quot;&quot;,&quot;zoom&quot;:&quot;true&quot;,&quot;fullScreen&quot;:&quot;true&quot;,&quot;download&quot;:&quot;true&quot;}}\" data-advanced-filters=\"no\"><article class=\"wpr-grid-item elementor-clearfix post-1624 post type-post status-publish format-standard has-post-thumbnail hentry category-agr\"><div class=\"wpr-grid-item-inner\"><div class=\"wpr-grid-media-wrap wpr-effect-size-medium \" data-overlay-link=\"yes\"><div class=\"wpr-grid-image-wrap\" data-src=\"https:\/\/djolibaenvironnement.org\/wp-content\/uploads\/2024\/07\/Agr-2-2.jpg\" data-img-on-hover=\"\"  data-src-secondary=\"\"><img decoding=\"async\" data-no-lazy=\"1\" src=\"https:\/\/djolibaenvironnement.org\/wp-content\/uploads\/2024\/07\/Agr-2-2.jpg\" alt=\"\u00c9levage et les Activit\u00e9s G\u00e9n\u00e9ratrices de Revenus : Un Pilier de D\u00e9veloppement Durable\" class=\"wpr-anim-timing-ease-default\"><\/div><div class=\"wpr-grid-media-hover wpr-animation-wrap\"><div class=\"wpr-grid-media-hover-bg  wpr-overlay-fade-in wpr-anim-size-large wpr-anim-timing-ease-default wpr-anim-transparency\" data-url=\"https:\/\/djolibaenvironnement.org\/index.php\/2024\/07\/21\/elevage-et-activites-generatrices-de-revenus-un-pilier-de-developpement-durable\/\"><\/div><\/div><\/div><div class=\"wpr-grid-item-below-content elementor-clearfix\"><h2 class=\"wpr-grid-item-title elementor-repeater-item-2490a2d wpr-grid-item-display-block wpr-grid-item-align-left wpr-pointer-none wpr-pointer-line-fx wpr-pointer-fx-fade\"><div class=\"inner-block\"><a target=\"_self\"  href=\"https:\/\/djolibaenvironnement.org\/index.php\/2024\/07\/21\/elevage-et-activites-generatrices-de-revenus-un-pilier-de-developpement-durable\/\">\u00c9levage et les Activit\u00e9s G\u00e9n\u00e9ratrices de Revenus : Un Pilier de D\u00e9veloppement Durable<\/a><\/div><\/h2><div class=\"wpr-grid-item-excerpt elementor-repeater-item-c4d0472 wpr-grid-item-display-block wpr-grid-item-align-left\"><div class=\"inner-block\"><p>\u00c9levage et les Activit\u00e9s G\u00e9n\u00e9ratrices de Revenus : Un Pilier de D\u00e9veloppement Durable Djoliba Environnement a mis en place des initiatives innovantes dans les domaines de l&rsquo;\u00e9levage et des activit\u00e9s...<\/p><\/div><\/div><div class=\"wpr-grid-item-read-more elementor-repeater-item-eeab5f4 wpr-grid-item-display-block wpr-grid-item-align-left\"><div class=\"inner-block\"><a target=\"_self\" href=\"https:\/\/djolibaenvironnement.org\/index.php\/2024\/07\/21\/elevage-et-activites-generatrices-de-revenus-un-pilier-de-developpement-durable\/\" class=\"wpr-button-effect wpr-button-none\"><span>Lire plus<\/span><\/a><\/div><\/div><\/div><\/div><\/article><article class=\"wpr-grid-item elementor-clearfix post-1616 post type-post status-publish format-standard has-post-thumbnail hentry category-agroecologie\"><div class=\"wpr-grid-item-inner\"><div class=\"wpr-grid-media-wrap wpr-effect-size-medium \" data-overlay-link=\"yes\"><div class=\"wpr-grid-image-wrap\" data-src=\"https:\/\/djolibaenvironnement.org\/wp-content\/uploads\/2024\/07\/dune-tecg.jpg\" data-img-on-hover=\"\"  data-src-secondary=\"\"><img decoding=\"async\" data-no-lazy=\"1\" src=\"https:\/\/djolibaenvironnement.org\/wp-content\/uploads\/2024\/07\/dune-tecg.jpg\" alt=\"Agro\u00e9cologie: Cultiver un Avenir Durable\" class=\"wpr-anim-timing-ease-default\"><\/div><div class=\"wpr-grid-media-hover wpr-animation-wrap\"><div class=\"wpr-grid-media-hover-bg  wpr-overlay-fade-in wpr-anim-size-large wpr-anim-timing-ease-default wpr-anim-transparency\" data-url=\"https:\/\/djolibaenvironnement.org\/index.php\/2024\/07\/21\/agroecologie-cultiver-un-avenir-durable\/\"><\/div><\/div><\/div><div class=\"wpr-grid-item-below-content elementor-clearfix\"><h2 class=\"wpr-grid-item-title elementor-repeater-item-2490a2d wpr-grid-item-display-block wpr-grid-item-align-left wpr-pointer-none wpr-pointer-line-fx wpr-pointer-fx-fade\"><div class=\"inner-block\"><a target=\"_self\"  href=\"https:\/\/djolibaenvironnement.org\/index.php\/2024\/07\/21\/agroecologie-cultiver-un-avenir-durable\/\">Agro\u00e9cologie: Cultiver un Avenir Durable<\/a><\/div><\/h2><div class=\"wpr-grid-item-excerpt elementor-repeater-item-c4d0472 wpr-grid-item-display-block wpr-grid-item-align-left\"><div class=\"inner-block\"><p>Agro\u00e9cologie: Cultiver un Avenir Durable Djoliba Environnement s&rsquo;engage activement dans des pratiques agro\u00e9cologiques pour promouvoir une agriculture durable, augmenter la r\u00e9silience des communaut\u00e9s locales et am\u00e9liorer la s\u00e9curit\u00e9 alimentaire dans...<\/p><\/div><\/div><div class=\"wpr-grid-item-read-more elementor-repeater-item-eeab5f4 wpr-grid-item-display-block wpr-grid-item-align-left\"><div class=\"inner-block\"><a target=\"_self\" href=\"https:\/\/djolibaenvironnement.org\/index.php\/2024\/07\/21\/agroecologie-cultiver-un-avenir-durable\/\" class=\"wpr-button-effect wpr-button-none\"><span>Lire plus<\/span><\/a><\/div><\/div><\/div><\/div><\/article><article class=\"wpr-grid-item elementor-clearfix post-1593 post type-post status-publish format-standard has-post-thumbnail hentry category-rna\"><div class=\"wpr-grid-item-inner\"><div class=\"wpr-grid-media-wrap wpr-effect-size-medium \" data-overlay-link=\"yes\"><div class=\"wpr-grid-image-wrap\" data-src=\"https:\/\/djolibaenvironnement.org\/wp-content\/uploads\/2024\/07\/recolte-avec-femme-1.jpg\" data-img-on-hover=\"\"  data-src-secondary=\"\"><img decoding=\"async\" data-no-lazy=\"1\" src=\"https:\/\/djolibaenvironnement.org\/wp-content\/uploads\/2024\/07\/recolte-avec-femme-1.jpg\" alt=\"Restaurer et Prot\u00e9ger : L&rsquo;Impact de la R\u00e9g\u00e9n\u00e9ration Naturelle Assist\u00e9e par Djoliba Environnement\" class=\"wpr-anim-timing-ease-default\"><\/div><div class=\"wpr-grid-media-hover wpr-animation-wrap\"><div class=\"wpr-grid-media-hover-bg  wpr-overlay-fade-in wpr-anim-size-large wpr-anim-timing-ease-default wpr-anim-transparency\" data-url=\"https:\/\/djolibaenvironnement.org\/index.php\/2024\/07\/21\/nos-realisations-dans-regeneration-naturelle-assistee-rna\/\"><\/div><\/div><\/div><div class=\"wpr-grid-item-below-content elementor-clearfix\"><h2 class=\"wpr-grid-item-title elementor-repeater-item-2490a2d wpr-grid-item-display-block wpr-grid-item-align-left wpr-pointer-none wpr-pointer-line-fx wpr-pointer-fx-fade\"><div class=\"inner-block\"><a target=\"_self\"  href=\"https:\/\/djolibaenvironnement.org\/index.php\/2024\/07\/21\/nos-realisations-dans-regeneration-naturelle-assistee-rna\/\">Restaurer et Prot\u00e9ger : L&rsquo;Impact de la R\u00e9g\u00e9n\u00e9ration Naturelle Assist\u00e9e par Djoliba Environnement<\/a><\/div><\/h2><div class=\"wpr-grid-item-excerpt elementor-repeater-item-c4d0472 wpr-grid-item-display-block wpr-grid-item-align-left\"><div class=\"inner-block\"><p>R\u00e9g\u00e9n\u00e9ration Naturelle Assist\u00e9e: Une Solution Durable pour un Environnement R\u00e9silient Djoliba Environnement a mis en \u0153uvre des initiatives de R\u00e9g\u00e9n\u00e9ration Naturelle Assist\u00e9e (RNA) pour restaurer et prot\u00e9ger les \u00e9cosyst\u00e8mes locaux,...<\/p><\/div><\/div><div class=\"wpr-grid-item-read-more elementor-repeater-item-eeab5f4 wpr-grid-item-display-block wpr-grid-item-align-left\"><div class=\"inner-block\"><a target=\"_self\" href=\"https:\/\/djolibaenvironnement.org\/index.php\/2024\/07\/21\/nos-realisations-dans-regeneration-naturelle-assistee-rna\/\" class=\"wpr-button-effect wpr-button-none\"><span>Lire plus<\/span><\/a><\/div><\/div><\/div><\/div><\/article><\/section>\t\t\t\t<\/div>\n\t\t\t\t<\/div>\n\t\t\t\t\t<\/div>\n\t\t\t\t<\/div>\n\t\t\t\t<section class=\"elementor-section elementor-top-section elementor-element elementor-element-23e371dc elementor-section-height-min-height elementor-section-content-middle elementor-section-boxed elementor-section-height-default elementor-section-items-middle wpr-particle-no wpr-jarallax-no wpr-parallax-no wpr-sticky-section-no wpr-equal-height-no\" data-id=\"23e371dc\" data-element_type=\"section\" data-e-type=\"section\" data-settings=\"{&quot;background_background&quot;:&quot;classic&quot;}\">\n\t\t\t\t\t\t\t<div class=\"elementor-background-overlay\"><\/div>\n\t\t\t\t\t\t\t<div class=\"elementor-container elementor-column-gap-default\">\n\t\t\t\t\t<div class=\"elementor-column elementor-col-100 elementor-top-column elementor-element elementor-element-72c22251\" data-id=\"72c22251\" data-element_type=\"column\" data-e-type=\"column\">\n\t\t\t<div class=\"elementor-widget-wrap elementor-element-populated\">\n\t\t\t\t\t\t<div class=\"elementor-element elementor-element-e48bf67 elementor-invisible elementor-widget elementor-widget-heading\" data-id=\"e48bf67\" data-element_type=\"widget\" data-e-type=\"widget\" data-settings=\"{&quot;_animation&quot;:&quot;slideInUp&quot;}\" data-widget_type=\"heading.default\">\n\t\t\t\t<div class=\"elementor-widget-container\">\n\t\t\t\t\t<h2 class=\"elementor-heading-title elementor-size-default\">Newsletter <\/h2>\t\t\t\t<\/div>\n\t\t\t\t<\/div>\n\t\t\t\t<div class=\"elementor-element elementor-element-5e98d06 elementor-widget elementor-widget-text-editor\" data-id=\"5e98d06\" data-element_type=\"widget\" data-e-type=\"widget\" data-widget_type=\"text-editor.default\">\n\t\t\t\t<div class=\"elementor-widget-container\">\n\t\t\t\t\t\t\t\t\t<p><em>Inscrivez vous a notre newsletter pour ne rien manque des nouvelle activit\u00e9s de notre organisation.\u00a0<\/em><\/p>\t\t\t\t\t\t\t\t<\/div>\n\t\t\t\t<\/div>\n\t\t\t\t<div class=\"elementor-element elementor-element-706370d elementor-widget-divider--view-line elementor-widget elementor-widget-divider\" data-id=\"706370d\" data-element_type=\"widget\" data-e-type=\"widget\" data-widget_type=\"divider.default\">\n\t\t\t\t<div class=\"elementor-widget-container\">\n\t\t\t\t\t\t\t<div class=\"elementor-divider\">\n\t\t\t<span class=\"elementor-divider-separator\">\n\t\t\t\t\t\t<\/span>\n\t\t<\/div>\n\t\t\t\t\t\t<\/div>\n\t\t\t\t<\/div>\n\t\t\t\t<section class=\"elementor-section elementor-inner-section elementor-element elementor-element-38fe79d elementor-section-boxed elementor-section-height-default elementor-section-height-default wpr-particle-no wpr-jarallax-no wpr-parallax-no wpr-sticky-section-no wpr-equal-height-no\" data-id=\"38fe79d\" data-element_type=\"section\" data-e-type=\"section\">\n\t\t\t\t\t\t<div class=\"elementor-container elementor-column-gap-default\">\n\t\t\t\t\t<div class=\"elementor-column elementor-col-100 elementor-inner-column elementor-element elementor-element-1f3d439\" data-id=\"1f3d439\" data-element_type=\"column\" data-e-type=\"column\">\n\t\t\t<div class=\"elementor-widget-wrap elementor-element-populated\">\n\t\t\t\t\t\t<div class=\"elementor-element elementor-element-480800a2 wpr-mailchimp-layout-hr elementor-widget elementor-widget-wpr-mailchimp\" data-id=\"480800a2\" data-element_type=\"widget\" data-e-type=\"widget\" data-widget_type=\"wpr-mailchimp.default\">\n\t\t\t\t<div class=\"elementor-widget-container\">\n\t\t\t\t\t\n\t\t<form class=\"wpr-mailchimp-form\" id=\"wpr-mailchimp-form-480800a2\" method=\"POST\" data-list-id=\"def\" data-clear-fields=\"\">\n\t\t\t<!-- Form Header -->\n\t\t\t\n\t\t\t<div class=\"wpr-mailchimp-fields\">\n\t\t\t\t<!-- Email Input -->\n\t\t\t\t<div class=\"wpr-mailchimp-email\">\n\t\t\t\t\t\t\t\t\t\t<input type=\"email\" name=\"wpr_mailchimp_email\" placeholder=\"votremail@mail.com\" required=\"required\">\n\t\t\t\t<\/div>\n\n\t\t\t\t<!-- Extra Fields -->\n\t\t\t\t\n\t\t\t\t<!-- Subscribe Button -->\n\t\t\t\t<div class=\"wpr-mailchimp-subscribe\">\n\t\t\t\t\t<button type=\"submit\" id=\"wpr-subscribe-480800a2\" class=\"wpr-mailchimp-subscribe-btn\" data-loading=\"Inscription...\">\n\t\t\t\t  \t\tInscription\t\t\t\t\t<\/button>\n\t\t\t\t<\/div>\n\t\t\t<\/div>\n\n\t\t\t<!-- Success\/Error Message -->\n\t\t\t<div class=\"wpr-mailchimp-message\">\n\t\t\t\t<span class=\"wpr-mailchimp-success-message\">Bravo Vous \u00e9t\u00e9 inscris <\/span>\n\t\t\t\t<span class=\"wpr-mailchimp-error-message\">Ops! ressayer !!<\/span>\n\t\t\t<\/div>\n\t\t<\/form>\n\n\t\t\t\t\t\t<\/div>\n\t\t\t\t<\/div>\n\t\t\t\t\t<\/div>\n\t\t<\/div>\n\t\t\t\t\t<\/div>\n\t\t<\/section>\n\t\t\t\t\t<\/div>\n\t\t<\/div>\n\t\t\t\t\t<\/div>\n\t\t<\/section>\n\t\t\t\t<\/div>\n\t\t","protected":false},"excerpt":{"rendered":"<p>Articles D\u00e9couvrez nos activit\u00e9s sur le terrain \u00e0 travers nos Articles All Post AGR Agro\u00e9cologie Blog RNA Uncategorized \u00c9levage et les Activit\u00e9s G\u00e9n\u00e9ratrices de Revenus : Un Pilier de D\u00e9veloppement Durable \u00c9levage et les Activit\u00e9s G\u00e9n\u00e9ratrices de Revenus : Un Pilier de D\u00e9veloppement Durable Djoliba Environnement a mis en place des initiatives innovantes dans les domaines de l&#8217;\u00e9levage et des activit\u00e9s\u2026 Lire plus Agro\u00e9cologie: Cultiver un Avenir Durable Agro\u00e9cologie: Cultiver un Avenir Durable Djoliba Environnement s&#8217;engage activement dans des pratiques agro\u00e9cologiques pour promouvoir une agriculture durable, augmenter la r\u00e9silience des communaut\u00e9s locales et am\u00e9liorer la s\u00e9curit\u00e9 alimentaire dans\u2026 Lire plus Restaurer et Prot\u00e9ger : L&#8217;Impact de la R\u00e9g\u00e9n\u00e9ration Naturelle Assist\u00e9e par Djoliba Environnement R\u00e9g\u00e9n\u00e9ration Naturelle Assist\u00e9e: Une Solution Durable pour un Environnement R\u00e9silient Djoliba Environnement a mis en \u0153uvre des initiatives de R\u00e9g\u00e9n\u00e9ration Naturelle Assist\u00e9e (RNA) pour restaurer et prot\u00e9ger les \u00e9cosyst\u00e8mes locaux,\u2026 Lire plus Newsletter Inscrivez vous a notre newsletter pour ne rien manque des nouvelle activit\u00e9s de notre organisation.\u00a0 Inscription Bravo Vous \u00e9t\u00e9 inscris Ops! ressayer !!<\/p>\n","protected":false},"author":1,"featured_media":0,"parent":0,"menu_order":0,"comment_status":"closed","ping_status":"closed","template":"elementor_canvas","meta":{"footnotes":""},"class_list":["post-97","page","type-page","status-publish","hentry"],"_links":{"self":[{"href":"https:\/\/djolibaenvironnement.org\/index.php\/wp-json\/wp\/v2\/pages\/97","targetHints":{"allow":["GET"]}}],"collection":[{"href":"https:\/\/djolibaenvironnement.org\/index.php\/wp-json\/wp\/v2\/pages"}],"about":[{"href":"https:\/\/djolibaenvironnement.org\/index.php\/wp-json\/wp\/v2\/types\/page"}],"author":[{"embeddable":true,"href":"https:\/\/djolibaenvironnement.org\/index.php\/wp-json\/wp\/v2\/users\/1"}],"replies":[{"embeddable":true,"href":"https:\/\/djolibaenvironnement.org\/index.php\/wp-json\/wp\/v2\/comments?post=97"}],"version-history":[{"count":97,"href":"https:\/\/djolibaenvironnement.org\/index.php\/wp-json\/wp\/v2\/pages\/97\/revisions"}],"predecessor-version":[{"id":1659,"href":"https:\/\/djolibaenvironnement.org\/index.php\/wp-json\/wp\/v2\/pages\/97\/revisions\/1659"}],"wp:attachment":[{"href":"https:\/\/djolibaenvironnement.org\/index.php\/wp-json\/wp\/v2\/media?parent=97"}],"curies":[{"name":"wp","href":"https:\/\/api.w.org\/{rel}","templated":true}]}}